{"id":6607,"date":"2024-04-16T16:58:16","date_gmt":"2024-04-16T16:58:16","guid":{"rendered":"https:\/\/moroccopackagesholidays.com\/politica-de-cookies\/"},"modified":"2024-11-21T11:50:33","modified_gmt":"2024-11-21T11:50:33","slug":"politica-de-cookies","status":"publish","type":"page","link":"https:\/\/moroccopackagesholidays.com\/pt-pt\/politica-de-cookies\/","title":{"rendered":"Pol\u00edtica de cookies"},"content":{"rendered":"\t\t<div data-elementor-type=\"wp-page\" data-elementor-id=\"6607\" class=\"elementor elementor-6607 elementor-3532\" data-elementor-post-type=\"page\">\n\t\t\t\t\t\t<section class=\"elementor-section elementor-top-section elementor-element elementor-element-582b24c5 elementor-section-boxed elementor-section-height-default elementor-section-height-default\" data-id=\"582b24c5\" data-element_type=\"section\" data-e-type=\"section\" data-settings=\"{&quot;background_background&quot;:&quot;classic&quot;}\">\n\t\t\t\t\t\t\t<div class=\"elementor-background-overlay\"><\/div>\n\t\t\t\t\t\t\t<div class=\"elementor-container elementor-column-gap-default\">\n\t\t\t\t\t<div class=\"elementor-column elementor-col-100 elementor-top-column elementor-element elementor-element-4c345f3d\" data-id=\"4c345f3d\" data-element_type=\"column\" data-e-type=\"column\">\n\t\t\t<div class=\"elementor-widget-wrap elementor-element-populated\">\n\t\t\t\t\t\t<div class=\"elementor-element elementor-element-137c0be0 elementor-widget elementor-widget-heading\" data-id=\"137c0be0\" data-element_type=\"widget\" data-e-type=\"widget\" data-widget_type=\"heading.default\">\n\t\t\t\t<div class=\"elementor-widget-container\">\n\t\t\t\t\t<span class=\"elementor-heading-title elementor-size-default\">Pol\u00edtica de cookies<\/span>\t\t\t\t<\/div>\n\t\t\t\t<\/div>\n\t\t\t\t\t<\/div>\n\t\t<\/div>\n\t\t\t\t\t<\/div>\n\t\t<\/section>\n\t\t\t\t<section class=\"elementor-section elementor-top-section elementor-element elementor-element-3b90ee36 elementor-section-boxed elementor-section-height-default elementor-section-height-default\" data-id=\"3b90ee36\" data-element_type=\"section\" data-e-type=\"section\" data-settings=\"{&quot;background_background&quot;:&quot;classic&quot;}\">\n\t\t\t\t\t\t\t<div class=\"elementor-background-overlay\"><\/div>\n\t\t\t\t\t\t\t<div class=\"elementor-container elementor-column-gap-default\">\n\t\t\t\t\t<div class=\"elementor-column elementor-col-100 elementor-top-column elementor-element elementor-element-51de91da\" data-id=\"51de91da\" data-element_type=\"column\" data-e-type=\"column\">\n\t\t\t<div class=\"elementor-widget-wrap elementor-element-populated\">\n\t\t\t\t\t\t<div class=\"elementor-element elementor-element-24146b3 elementor-headline--style-highlight elementor-widget elementor-widget-animated-headline\" data-id=\"24146b3\" data-element_type=\"widget\" data-e-type=\"widget\" data-settings=\"{&quot;marker&quot;:&quot;underline&quot;,&quot;highlighted_text&quot;:&quot;Pol\\u00edtica de cookies&quot;,&quot;headline_style&quot;:&quot;highlight&quot;,&quot;highlight_animation_duration&quot;:1200}\" data-widget_type=\"animated-headline.default\">\n\t\t\t\t<div class=\"elementor-widget-container\">\n\t\t\t\t\t\t\t<span class=\"elementor-headline\">\n\t\t\t\t<span class=\"elementor-headline-dynamic-wrapper elementor-headline-text-wrapper\">\n\t\t\t\t\t<span class=\"elementor-headline-dynamic-text elementor-headline-text-active\">Pol\u00edtica de cookies<\/span>\n\t\t\t\t<\/span>\n\t\t\t\t<\/span>\n\t\t\t\t\t\t<\/div>\n\t\t\t\t<\/div>\n\t\t\t\t<div class=\"elementor-element elementor-element-43d6474 elementor-widget elementor-widget-heading\" data-id=\"43d6474\" data-element_type=\"widget\" data-e-type=\"widget\" data-widget_type=\"heading.default\">\n\t\t\t\t<div class=\"elementor-widget-container\">\n\t\t\t\t\t<h1 class=\"elementor-heading-title elementor-size-default\">Pol\u00edtica de cookies para pacotes de f\u00e9rias em Marrocos<\/h1>\t\t\t\t<\/div>\n\t\t\t\t<\/div>\n\t\t\t\t<section class=\"elementor-section elementor-inner-section elementor-element elementor-element-2212399b elementor-section-boxed elementor-section-height-default elementor-section-height-default\" data-id=\"2212399b\" data-element_type=\"section\" data-e-type=\"section\">\n\t\t\t\t\t\t<div class=\"elementor-container elementor-column-gap-no\">\n\t\t\t\t\t<div class=\"elementor-column elementor-col-100 elementor-inner-column elementor-element elementor-element-47ad819\" data-id=\"47ad819\" data-element_type=\"column\" data-e-type=\"column\">\n\t\t\t<div class=\"elementor-widget-wrap elementor-element-populated\">\n\t\t\t\t\t\t<div class=\"elementor-element elementor-element-a31d514 elementor-widget elementor-widget-text-editor\" data-id=\"a31d514\" data-element_type=\"widget\" data-e-type=\"widget\" data-widget_type=\"text-editor.default\">\n\t\t\t\t<div class=\"elementor-widget-container\">\n\t\t\t\t\t\t\t\t\t<h2>Pol\u00edtica de cookies para pacotes de f\u00e9rias em Marrocos<\/h2>\n<p>Esta \u00e9 a Pol\u00edtica de Cookies da Morocco Packages Holidays, acess\u00edvel a partir de https:\/\/moroccopackagesholidays.com\/<\/p>\n<p><strong>O que s\u00e3o cookies<\/strong><\/p>\n<p>Como \u00e9 pr\u00e1tica comum em quase todos os s\u00edtios Web profissionais, este s\u00edtio utiliza cookies, que s\u00e3o pequenos ficheiros que s\u00e3o descarregados para o seu computador, para melhorar a sua experi\u00eancia. Esta p\u00e1gina descreve as informa\u00e7\u00f5es que recolhem, como as utilizamos e porque \u00e9 que por vezes precisamos de armazenar estes cookies. Partilhamos tamb\u00e9m a forma como pode impedir que estes cookies sejam armazenados, embora isso possa degradar ou \u201cquebrar\u201d certos elementos da funcionalidade do s\u00edtio.  <\/p>\n<p><strong>Como utilizamos os cookies<\/strong><\/p>\n<p>Utilizamos cookies por uma s\u00e9rie de raz\u00f5es que s\u00e3o descritas abaixo. Infelizmente, na maioria dos casos, n\u00e3o existem op\u00e7\u00f5es normalizadas no sector para desativar os cookies sem desativar completamente a funcionalidade e as carater\u00edsticas que acrescentam a este s\u00edtio. Recomenda-se que deixe todos os cookies activados se n\u00e3o tiver a certeza se precisa deles ou n\u00e3o, caso sejam utilizados para fornecer um servi\u00e7o que utiliza.  <\/p>\n<p><strong>Desativar cookies<\/strong><\/p>\n<p>Pode impedir a defini\u00e7\u00e3o de cookies ajustando as defini\u00e7\u00f5es do seu browser (consulte a Ajuda do seu browser para saber como o fazer). Tenha em aten\u00e7\u00e3o que a desativa\u00e7\u00e3o dos cookies afectar\u00e1 a funcionalidade deste e de muitos outros s\u00edtios Web que visita. A desativa\u00e7\u00e3o dos cookies resultar\u00e1 normalmente na desativa\u00e7\u00e3o de determinadas funcionalidades e carater\u00edsticas deste s\u00edtio. Por conseguinte, recomenda-se que n\u00e3o desactive os cookies&#8230;   <\/p>\n<p><strong>Os cookies que definimos<\/strong><\/p>\n<ul>\n<li>Cookies relacionados com formul\u00e1riosQuando envia dados atrav\u00e9s de um formul\u00e1rio, como os que se encontram nas p\u00e1ginas de contacto ou nos formul\u00e1rios de coment\u00e1rios, podem ser definidos cookies para recordar os seus dados de utilizador para correspond\u00eancia futura.<\/li>\n<\/ul>\n<p><strong>Cookies de terceiros<\/strong><\/p>\n<p>Em alguns casos especiais, tamb\u00e9m utilizamos cookies fornecidos por terceiros de confian\u00e7a. A sec\u00e7\u00e3o seguinte especifica quais os cookies de terceiros que poder\u00e1 encontrar neste s\u00edtio. <\/p>\n<ul>\n<li>Este s\u00edtio utiliza o Google Analytics, que \u00e9 uma das solu\u00e7\u00f5es anal\u00edticas mais difundidas e fi\u00e1veis na Web, para nos ajudar a compreender a forma como o utilizador utiliza o s\u00edtio e como podemos melhorar a sua experi\u00eancia. Estes cookies podem registar informa\u00e7\u00f5es como o tempo que o utilizador passa no s\u00edtio e as p\u00e1ginas que visita, para que possamos continuar a produzir conte\u00fados interessantes. Para mais informa\u00e7\u00f5es sobre os cookies do Google Analytics, consulte a p\u00e1gina oficial do Google Analytics. <\/li>\n<li>Como vendemos produtos, \u00e9 importante para n\u00f3s compreender as estat\u00edsticas sobre o n\u00famero de visitantes do nosso s\u00edtio que efetivamente efectuam uma compra e, como tal, este \u00e9 o tipo de dados que estes cookies ir\u00e3o rastrear. Isto \u00e9 importante para si, pois significa que podemos fazer previs\u00f5es comerciais precisas que nos permitem monitorizar a nossa publicidade e os custos dos produtos para garantir o melhor pre\u00e7o poss\u00edvel. <\/li>\n<\/ul>\n<p><strong>Mais informa\u00e7\u00f5es<\/strong><\/p>\n<p>Esperamos que isto tenha esclarecido as coisas para si e, como foi mencionado anteriormente, se houver algo que n\u00e3o tem a certeza se precisa ou n\u00e3o, \u00e9 normalmente mais seguro deixar os cookies activados no caso de interagirem com uma das funcionalidades que utiliza no nosso s\u00edtio.<\/p>\n<p>No entanto, se ainda estiver \u00e0 procura de mais informa\u00e7\u00f5es, pode contactar-nos atrav\u00e9s de um dos nossos m\u00e9todos de contacto preferidos:<\/p>\n<ul>\n<li>Email:<\/li>\n<li>Acedendo a esta liga\u00e7\u00e3o:<\/li>\n<li>Telefone:<\/li>\n<\/ul>\n\t\t\t\t\t\t\t\t<\/div>\n\t\t\t\t<\/div>\n\t\t\t\t\t<\/div>\n\t\t<\/div>\n\t\t\t\t\t<\/div>\n\t\t<\/section>\n\t\t\t\t\t<\/div>\n\t\t<\/div>\n\t\t\t\t\t<\/div>\n\t\t<\/section>\n\t\t\t\t<section class=\"elementor-section elementor-top-section elementor-element elementor-element-7bd436b0 elementor-section-boxed elementor-section-height-default elementor-section-height-default\" data-id=\"7bd436b0\" data-element_type=\"section\" data-e-type=\"section\" data-settings=\"{&quot;background_background&quot;:&quot;classic&quot;}\">\n\t\t\t\t\t\t\t<div class=\"elementor-background-overlay\"><\/div>\n\t\t\t\t\t\t\t<div class=\"elementor-container elementor-column-gap-default\">\n\t\t\t\t\t<div class=\"elementor-column elementor-col-100 elementor-top-column elementor-element elementor-element-24c5c8f\" data-id=\"24c5c8f\" data-element_type=\"column\" data-e-type=\"column\">\n\t\t\t<div class=\"elementor-widget-wrap elementor-element-populated\">\n\t\t\t\t\t\t<div class=\"elementor-element elementor-element-557c3ec4 animated-slow elementor-widget elementor-widget-heading\" data-id=\"557c3ec4\" data-element_type=\"widget\" data-e-type=\"widget\" data-settings=\"{&quot;_animation&quot;:&quot;none&quot;}\" data-widget_type=\"heading.default\">\n\t\t\t\t<div class=\"elementor-widget-container\">\n\t\t\t\t\t<h5 class=\"elementor-heading-title elementor-size-default\">Os melhores pacotes para Marrocos<\/h5>\t\t\t\t<\/div>\n\t\t\t\t<\/div>\n\t\t\t\t<div class=\"elementor-element elementor-element-7a3dd8e0 elementor-widget elementor-widget-heading\" data-id=\"7a3dd8e0\" data-element_type=\"widget\" data-e-type=\"widget\" data-settings=\"{&quot;_animation&quot;:&quot;none&quot;,&quot;_animation_delay&quot;:100}\" data-widget_type=\"heading.default\">\n\t\t\t\t<div class=\"elementor-widget-container\">\n\t\t\t\t\t<h2 class=\"elementor-heading-title elementor-size-default\">Somos planeadores profissionais para as suas f\u00e9rias<\/h2>\t\t\t\t<\/div>\n\t\t\t\t<\/div>\n\t\t\t\t<div class=\"elementor-element elementor-element-5964f9f3 elementor-widget elementor-widget-text-editor\" data-id=\"5964f9f3\" data-element_type=\"widget\" data-e-type=\"widget\" data-widget_type=\"text-editor.default\">\n\t\t\t\t<div class=\"elementor-widget-container\">\n\t\t\t\t\t\t\t\t\t<p>Somos uma equipa de viajantes apaixonados que se apaixonaram pela beleza encantadora e pela rica cultura de Marrocos. A nossa viagem por este pa\u00eds cativante despertou uma profunda liga\u00e7\u00e3o com o seu povo, as suas paisagens e as suas tradi\u00e7\u00f5es.  <\/p>\n\t\t\t\t\t\t\t\t<\/div>\n\t\t\t\t<\/div>\n\t\t\t\t<section class=\"elementor-section elementor-inner-section elementor-element elementor-element-9788140 elementor-section-boxed elementor-section-height-default elementor-section-height-default\" data-id=\"9788140\" data-element_type=\"section\" data-e-type=\"section\">\n\t\t\t\t\t\t<div class=\"elementor-container elementor-column-gap-no\">\n\t\t\t\t\t<div class=\"elementor-column elementor-col-25 elementor-inner-column elementor-element elementor-element-a09ea49\" data-id=\"a09ea49\" data-element_type=\"column\" data-e-type=\"column\" data-settings=\"{&quot;background_background&quot;:&quot;classic&quot;}\">\n\t\t\t<div class=\"elementor-widget-wrap elementor-element-populated\">\n\t\t\t\t\t\t<div class=\"elementor-element elementor-element-8f6fe28 elementor-widget elementor-widget-jkit_fun_fact\" data-id=\"8f6fe28\" data-element_type=\"widget\" data-e-type=\"widget\" data-widget_type=\"jkit_fun_fact.default\">\n\t\t\t\t<div class=\"elementor-widget-container\">\n\t\t\t\t\t<div  class=\"jeg-elementor-kit jkit-fun-fact align-center hover-from-left elementor-animation- jeg_module___69f6b15d1f332\" ><div class=fun-fact-inner><div class=\"icon elementor-animation-\"><i aria-hidden=\"true\" class=\"jki jki-team-1-light\"><\/i><\/div>\n            <div class=\"content\">\n                <div class=\"number-wrapper\"><span class=\"prefix\"><\/span>\n        <span class=\"number\" data-value=\"1245\" data-animation-duration=\"3500\">0<\/span>\n        <span class=\"suffix\"><\/span><sup class=\"super\">+<\/sup><\/div>\n                <span class=\"title\">Happy Traveller<\/span>\n            <\/div>\n        <\/div><\/div>\t\t\t\t<\/div>\n\t\t\t\t<\/div>\n\t\t\t\t\t<\/div>\n\t\t<\/div>\n\t\t\t\t<div class=\"elementor-column elementor-col-25 elementor-inner-column elementor-element elementor-element-19b62c39\" data-id=\"19b62c39\" data-element_type=\"column\" data-e-type=\"column\">\n\t\t\t<div class=\"elementor-widget-wrap elementor-element-populated\">\n\t\t\t\t\t\t<div class=\"elementor-element elementor-element-4332adda elementor-widget elementor-widget-jkit_fun_fact\" data-id=\"4332adda\" data-element_type=\"widget\" data-e-type=\"widget\" data-widget_type=\"jkit_fun_fact.default\">\n\t\t\t\t<div class=\"elementor-widget-container\">\n\t\t\t\t\t<div  class=\"jeg-elementor-kit jkit-fun-fact align-center hover-from-left elementor-animation- jeg_module__1_69f6b15d1fde2\" ><div class=fun-fact-inner><div class=\"icon elementor-animation-\"><i aria-hidden=\"true\" class=\"jki jki-tripadvisor\"><\/i><\/div>\n            <div class=\"content\">\n                <div class=\"number-wrapper\"><span class=\"prefix\"><\/span>\n        <span class=\"number\" data-value=\"80\" data-animation-duration=\"3500\">0<\/span>\n        <span class=\"suffix\"><\/span><sup class=\"super\">+<\/sup><\/div>\n                <span class=\"title\">Tour Packages<\/span>\n            <\/div>\n        <\/div><\/div>\t\t\t\t<\/div>\n\t\t\t\t<\/div>\n\t\t\t\t\t<\/div>\n\t\t<\/div>\n\t\t\t\t<div class=\"elementor-column elementor-col-25 elementor-inner-column elementor-element elementor-element-69d6f74\" data-id=\"69d6f74\" data-element_type=\"column\" data-e-type=\"column\">\n\t\t\t<div class=\"elementor-widget-wrap elementor-element-populated\">\n\t\t\t\t\t\t<div class=\"elementor-element elementor-element-15a6b7b4 elementor-widget elementor-widget-jkit_fun_fact\" data-id=\"15a6b7b4\" data-element_type=\"widget\" data-e-type=\"widget\" data-widget_type=\"jkit_fun_fact.default\">\n\t\t\t\t<div class=\"elementor-widget-container\">\n\t\t\t\t\t<div  class=\"jeg-elementor-kit jkit-fun-fact align-center hover-from-left elementor-animation- jeg_module__2_69f6b15d2055e\" ><div class=fun-fact-inner><div class=\"icon elementor-animation-\"><i aria-hidden=\"true\" class=\"jki jki-badge\"><\/i><\/div>\n            <div class=\"content\">\n                <div class=\"number-wrapper\"><span class=\"prefix\"><\/span>\n        <span class=\"number\" data-value=\"20\" data-animation-duration=\"3500\">0<\/span>\n        <span class=\"suffix\"><\/span><sup class=\"super\">+<\/sup><\/div>\n                <span class=\"title\">Years of Experience<\/span>\n            <\/div>\n        <\/div><\/div>\t\t\t\t<\/div>\n\t\t\t\t<\/div>\n\t\t\t\t\t<\/div>\n\t\t<\/div>\n\t\t\t\t<div class=\"elementor-column elementor-col-25 elementor-inner-column elementor-element elementor-element-3e7a1035\" data-id=\"3e7a1035\" data-element_type=\"column\" data-e-type=\"column\">\n\t\t\t<div class=\"elementor-widget-wrap elementor-element-populated\">\n\t\t\t\t\t\t<div class=\"elementor-element elementor-element-1a05d37f elementor-widget elementor-widget-jkit_fun_fact\" data-id=\"1a05d37f\" data-element_type=\"widget\" data-e-type=\"widget\" data-widget_type=\"jkit_fun_fact.default\">\n\t\t\t\t<div class=\"elementor-widget-container\">\n\t\t\t\t\t<div  class=\"jeg-elementor-kit jkit-fun-fact align-center hover-from-left elementor-animation- jeg_module__3_69f6b15d20c07\" ><div class=fun-fact-inner><div class=\"icon elementor-animation-\"><i aria-hidden=\"true\" class=\"jki jki-man-light\"><\/i><\/div>\n            <div class=\"content\">\n                <div class=\"number-wrapper\"><span class=\"prefix\"><\/span>\n        <span class=\"number\" data-value=\"45\" data-animation-duration=\"3500\">0<\/span>\n        <span class=\"suffix\"><\/span><sup class=\"super\">+<\/sup><\/div>\n                <span class=\"title\">Professional Guide<\/span>\n            <\/div>\n        <\/div><\/div>\t\t\t\t<\/div>\n\t\t\t\t<\/div>\n\t\t\t\t\t<\/div>\n\t\t<\/div>\n\t\t\t\t\t<\/div>\n\t\t<\/section>\n\t\t\t\t\t<\/div>\n\t\t<\/div>\n\t\t\t\t\t<\/div>\n\t\t<\/section>\n\t\t<div class=\"elementor-element elementor-element-af0280b e-flex e-con-boxed e-con e-parent\" data-id=\"af0280b\" data-element_type=\"container\" data-e-type=\"container\">\n\t\t\t\t\t<div class=\"e-con-inner\">\n\t\t\t\t\t<\/div>\n\t\t\t\t<\/div>\n\t\t\t\t<\/div>\n\t\t","protected":false},"excerpt":{"rendered":"<p>Pol\u00edtica de cookies Pol\u00edtica de cookies para pacotes de f\u00e9rias em Marrocos Pol\u00edtica de cookies para pacotes de f\u00e9rias em Marrocos Esta \u00e9 a Pol\u00edtica de Cookies da Morocco Packages Holidays, acess\u00edvel a partir de https:\/\/moroccopackagesholidays.com\/ O que s\u00e3o cookies Como \u00e9 pr\u00e1tica comum em quase todos os s\u00edtios Web profissionais, este s\u00edtio utiliza cookies, [&hellip;]<\/p>\n","protected":false},"author":1,"featured_media":0,"parent":0,"menu_order":0,"comment_status":"closed","ping_status":"closed","template":"elementor_header_footer","meta":{"_joinchat":[],"footnotes":""},"class_list":["post-6607","page","type-page","status-publish","hentry"],"_links":{"self":[{"href":"https:\/\/moroccopackagesholidays.com\/pt-pt\/wp-json\/wp\/v2\/pages\/6607","targetHints":{"allow":["GET"]}}],"collection":[{"href":"https:\/\/moroccopackagesholidays.com\/pt-pt\/wp-json\/wp\/v2\/pages"}],"about":[{"href":"https:\/\/moroccopackagesholidays.com\/pt-pt\/wp-json\/wp\/v2\/types\/page"}],"author":[{"embeddable":true,"href":"https:\/\/moroccopackagesholidays.com\/pt-pt\/wp-json\/wp\/v2\/users\/1"}],"replies":[{"embeddable":true,"href":"https:\/\/moroccopackagesholidays.com\/pt-pt\/wp-json\/wp\/v2\/comments?post=6607"}],"version-history":[{"count":0,"href":"https:\/\/moroccopackagesholidays.com\/pt-pt\/wp-json\/wp\/v2\/pages\/6607\/revisions"}],"wp:attachment":[{"href":"https:\/\/moroccopackagesholidays.com\/pt-pt\/wp-json\/wp\/v2\/media?parent=6607"}],"curies":[{"name":"wp","href":"https:\/\/api.w.org\/{rel}","templated":true}]}}