{"id":6595,"date":"2024-02-06T16:09:09","date_gmt":"2024-02-06T16:09:09","guid":{"rendered":"https:\/\/moroccopackagesholidays.com\/politicas-de-cancelamento\/"},"modified":"2024-11-21T11:17:12","modified_gmt":"2024-11-21T11:17:12","slug":"politicas-de-cancelamento","status":"publish","type":"page","link":"https:\/\/moroccopackagesholidays.com\/pt-pt\/politicas-de-cancelamento\/","title":{"rendered":"Pol\u00edticas de cancelamento"},"content":{"rendered":"\t\t<div data-elementor-type=\"wp-page\" data-elementor-id=\"6595\" class=\"elementor elementor-6595 elementor-2078\" data-elementor-post-type=\"page\">\n\t\t\t\t\t\t<section class=\"elementor-section elementor-top-section elementor-element elementor-element-69d16e7 elementor-section-boxed elementor-section-height-default elementor-section-height-default\" data-id=\"69d16e7\" data-element_type=\"section\" data-e-type=\"section\" data-settings=\"{&quot;background_background&quot;:&quot;classic&quot;}\">\n\t\t\t\t\t\t\t<div class=\"elementor-background-overlay\"><\/div>\n\t\t\t\t\t\t\t<div class=\"elementor-container elementor-column-gap-default\">\n\t\t\t\t\t<div class=\"elementor-column elementor-col-100 elementor-top-column elementor-element elementor-element-caef7bf\" data-id=\"caef7bf\" data-element_type=\"column\" data-e-type=\"column\">\n\t\t\t<div class=\"elementor-widget-wrap elementor-element-populated\">\n\t\t\t\t\t\t<div class=\"elementor-element elementor-element-26d1bb6 elementor-widget elementor-widget-heading\" data-id=\"26d1bb6\" data-element_type=\"widget\" data-e-type=\"widget\" data-widget_type=\"heading.default\">\n\t\t\t\t<div class=\"elementor-widget-container\">\n\t\t\t\t\t<h1 class=\"elementor-heading-title elementor-size-default\">Pol\u00edticas de cancelamento<\/h1>\t\t\t\t<\/div>\n\t\t\t\t<\/div>\n\t\t\t\t\t<\/div>\n\t\t<\/div>\n\t\t\t\t\t<\/div>\n\t\t<\/section>\n\t\t\t\t<section class=\"elementor-section elementor-top-section elementor-element elementor-element-bf69eb1 elementor-section-boxed elementor-section-height-default elementor-section-height-default\" data-id=\"bf69eb1\" data-element_type=\"section\" data-e-type=\"section\" data-settings=\"{&quot;background_background&quot;:&quot;classic&quot;}\">\n\t\t\t\t\t\t\t<div class=\"elementor-background-overlay\"><\/div>\n\t\t\t\t\t\t\t<div class=\"elementor-container elementor-column-gap-default\">\n\t\t\t\t\t<div class=\"elementor-column elementor-col-100 elementor-top-column elementor-element elementor-element-a47f951\" data-id=\"a47f951\" data-element_type=\"column\" data-e-type=\"column\">\n\t\t\t<div class=\"elementor-widget-wrap elementor-element-populated\">\n\t\t\t\t\t\t<div class=\"elementor-element elementor-element-3da132b elementor-headline--style-highlight elementor-widget elementor-widget-animated-headline\" data-id=\"3da132b\" data-element_type=\"widget\" data-e-type=\"widget\" data-settings=\"{&quot;marker&quot;:&quot;underline&quot;,&quot;highlighted_text&quot;:&quot;Pol\\u00edticas de cancelamento&quot;,&quot;headline_style&quot;:&quot;highlight&quot;,&quot;highlight_animation_duration&quot;:1200}\" data-widget_type=\"animated-headline.default\">\n\t\t\t\t<div class=\"elementor-widget-container\">\n\t\t\t\t\t\t\t<span class=\"elementor-headline\">\n\t\t\t\t<span class=\"elementor-headline-dynamic-wrapper elementor-headline-text-wrapper\">\n\t\t\t\t\t<span class=\"elementor-headline-dynamic-text elementor-headline-text-active\">Pol\u00edticas de cancelamento<\/span>\n\t\t\t\t<\/span>\n\t\t\t\t<\/span>\n\t\t\t\t\t\t<\/div>\n\t\t\t\t<\/div>\n\t\t\t\t<div class=\"elementor-element elementor-element-52ae62f elementor-widget elementor-widget-heading\" data-id=\"52ae62f\" data-element_type=\"widget\" data-e-type=\"widget\" data-widget_type=\"heading.default\">\n\t\t\t\t<div class=\"elementor-widget-container\">\n\t\t\t\t\t<h2 class=\"elementor-heading-title elementor-size-default\">Pol\u00edticas de cancelamento<\/h2>\t\t\t\t<\/div>\n\t\t\t\t<\/div>\n\t\t\t\t<section class=\"elementor-section elementor-inner-section elementor-element elementor-element-3789bdd elementor-section-boxed elementor-section-height-default elementor-section-height-default\" data-id=\"3789bdd\" data-element_type=\"section\" data-e-type=\"section\">\n\t\t\t\t\t\t<div class=\"elementor-container elementor-column-gap-no\">\n\t\t\t\t\t<div class=\"elementor-column elementor-col-100 elementor-inner-column elementor-element elementor-element-9200a7e\" data-id=\"9200a7e\" data-element_type=\"column\" data-e-type=\"column\">\n\t\t\t<div class=\"elementor-widget-wrap elementor-element-populated\">\n\t\t\t\t\t\t<div class=\"elementor-element elementor-element-9d42d36 elementor-alert-info elementor-widget elementor-widget-alert\" data-id=\"9d42d36\" data-element_type=\"widget\" data-e-type=\"widget\" data-widget_type=\"alert.default\">\n\t\t\t\t<div class=\"elementor-widget-container\">\n\t\t\t\t\t\t\t<div class=\"elementor-alert\" role=\"alert\">\n\n\t\t\t\t\t\t<span class=\"elementor-alert-title\">Pagamentos aceites<\/span>\n\t\t\t\n\t\t\t\t\t\t<span class=\"elementor-alert-description\"><p>\u00c9 necess\u00e1rio um dep\u00f3sito de 20% aquando da reserva da viagem; o saldo deve ser pago pelo menos 2 semanas antes da sua chegada a Marrocos ou no in\u00edcio da viagem. Pode enviar-nos uma transfer\u00eancia banc\u00e1ria para a nossa conta banc\u00e1ria em Marrocos ou nos Estados Unidos, Reino Unido, Austr\u00e1lia, Canad\u00e1, Europa, ou PayPal - forneceremos os detalhes dependendo do m\u00e9todo mais f\u00e1cil para si.  <\/p>\n<p> Tamb\u00e9m pode pagar o saldo \u00e0 chegada a Marrocos - em numer\u00e1rio em d\u00f3lares americanos, libras esterlinas, d\u00f3lares australianos, d\u00f3lares canadianos, euros ou MAD. <\/p>\n<p> Tamb\u00e9m aceitamos pagamentos com quase todos os cart\u00f5es de cr\u00e9dito - com uma taxa extra de 5%. Lamentamos, mas n\u00e3o aceitamos American Express. <\/p>\n<\/span>\n\t\t\t\n\t\t\t\n\t\t<\/div>\n\t\t\t\t\t\t<\/div>\n\t\t\t\t<\/div>\n\t\t\t\t<div class=\"elementor-element elementor-element-1de7f46 elementor-alert-info elementor-widget elementor-widget-alert\" data-id=\"1de7f46\" data-element_type=\"widget\" data-e-type=\"widget\" data-widget_type=\"alert.default\">\n\t\t\t\t<div class=\"elementor-widget-container\">\n\t\t\t\t\t\t\t<div class=\"elementor-alert\" role=\"alert\">\n\n\t\t\t\t\t\t<span class=\"elementor-alert-title\">Pol\u00edtica de cancelamento<\/span>\n\t\t\t\n\t\t\t\t\t\t<span class=\"elementor-alert-description\"><p>Se, devido a uma emerg\u00eancia, cancelar 30 ou mais dias antes da data de chegada, reembolsaremos o seu dep\u00f3sito. Se cancelar entre 30 e 14 dias antes da data de chegada, manteremos o dep\u00f3sito. Se o cancelamento for efectuado 14 dias ou menos antes da data de chegada, ser\u00e1 exigida a totalidade do montante.  <\/p>\n<\/span>\n\t\t\t\n\t\t\t\n\t\t<\/div>\n\t\t\t\t\t\t<\/div>\n\t\t\t\t<\/div>\n\t\t\t\t\t<\/div>\n\t\t<\/div>\n\t\t\t\t\t<\/div>\n\t\t<\/section>\n\t\t\t\t\t<\/div>\n\t\t<\/div>\n\t\t\t\t\t<\/div>\n\t\t<\/section>\n\t\t\t\t<section class=\"elementor-section elementor-top-section elementor-element elementor-element-7c18bb7 elementor-section-boxed elementor-section-height-default elementor-section-height-default\" data-id=\"7c18bb7\" data-element_type=\"section\" data-e-type=\"section\" data-settings=\"{&quot;background_background&quot;:&quot;classic&quot;}\">\n\t\t\t\t\t\t\t<div class=\"elementor-background-overlay\"><\/div>\n\t\t\t\t\t\t\t<div class=\"elementor-container elementor-column-gap-default\">\n\t\t\t\t\t<div class=\"elementor-column elementor-col-100 elementor-top-column elementor-element elementor-element-ba518b7\" data-id=\"ba518b7\" data-element_type=\"column\" data-e-type=\"column\">\n\t\t\t<div class=\"elementor-widget-wrap elementor-element-populated\">\n\t\t\t\t\t\t<div class=\"elementor-element elementor-element-86110e8 animated-slow elementor-widget elementor-widget-heading\" data-id=\"86110e8\" data-element_type=\"widget\" data-e-type=\"widget\" data-settings=\"{&quot;_animation&quot;:&quot;none&quot;}\" data-widget_type=\"heading.default\">\n\t\t\t\t<div class=\"elementor-widget-container\">\n\t\t\t\t\t<h5 class=\"elementor-heading-title elementor-size-default\">Os melhores pacotes para Marrocos<\/h5>\t\t\t\t<\/div>\n\t\t\t\t<\/div>\n\t\t\t\t<div class=\"elementor-element elementor-element-0e1d186 elementor-widget elementor-widget-heading\" data-id=\"0e1d186\" data-element_type=\"widget\" data-e-type=\"widget\" data-settings=\"{&quot;_animation&quot;:&quot;none&quot;,&quot;_animation_delay&quot;:100}\" data-widget_type=\"heading.default\">\n\t\t\t\t<div class=\"elementor-widget-container\">\n\t\t\t\t\t<h2 class=\"elementor-heading-title elementor-size-default\">Somos planeadores profissionais para as suas f\u00e9rias<\/h2>\t\t\t\t<\/div>\n\t\t\t\t<\/div>\n\t\t\t\t<div class=\"elementor-element elementor-element-40d2979 elementor-widget elementor-widget-text-editor\" data-id=\"40d2979\" data-element_type=\"widget\" data-e-type=\"widget\" data-widget_type=\"text-editor.default\">\n\t\t\t\t<div class=\"elementor-widget-container\">\n\t\t\t\t\t\t\t\t\t<p>Somos uma equipa de viajantes apaixonados que se apaixonaram pela beleza encantadora e pela rica cultura de Marrocos. A nossa viagem por este pa\u00eds cativante despertou uma profunda liga\u00e7\u00e3o com o seu povo, as suas paisagens e as suas tradi\u00e7\u00f5es.  <\/p>\n\t\t\t\t\t\t\t\t<\/div>\n\t\t\t\t<\/div>\n\t\t\t\t<section class=\"elementor-section elementor-inner-section elementor-element elementor-element-58a31c2 elementor-section-boxed elementor-section-height-default elementor-section-height-default\" data-id=\"58a31c2\" data-element_type=\"section\" data-e-type=\"section\">\n\t\t\t\t\t\t<div class=\"elementor-container elementor-column-gap-no\">\n\t\t\t\t\t<div class=\"elementor-column elementor-col-25 elementor-inner-column elementor-element elementor-element-8d95f12\" data-id=\"8d95f12\" data-element_type=\"column\" data-e-type=\"column\" data-settings=\"{&quot;background_background&quot;:&quot;classic&quot;}\">\n\t\t\t<div class=\"elementor-widget-wrap elementor-element-populated\">\n\t\t\t\t\t\t<div class=\"elementor-element elementor-element-f5c9544 elementor-widget elementor-widget-jkit_fun_fact\" data-id=\"f5c9544\" data-element_type=\"widget\" data-e-type=\"widget\" data-widget_type=\"jkit_fun_fact.default\">\n\t\t\t\t<div class=\"elementor-widget-container\">\n\t\t\t\t\t<div  class=\"jeg-elementor-kit jkit-fun-fact align-center hover-from-left elementor-animation- jeg_module___69eccd9195c07\" ><div class=fun-fact-inner><div class=\"icon elementor-animation-\"><i aria-hidden=\"true\" class=\"jki jki-team-1-light\"><\/i><\/div>\n            <div class=\"content\">\n                <div class=\"number-wrapper\"><span class=\"prefix\"><\/span>\n        <span class=\"number\" data-value=\"1245\" data-animation-duration=\"3500\">0<\/span>\n        <span class=\"suffix\"><\/span><sup class=\"super\">+<\/sup><\/div>\n                <span class=\"title\">Happy Traveller<\/span>\n            <\/div>\n        <\/div><\/div>\t\t\t\t<\/div>\n\t\t\t\t<\/div>\n\t\t\t\t\t<\/div>\n\t\t<\/div>\n\t\t\t\t<div class=\"elementor-column elementor-col-25 elementor-inner-column elementor-element elementor-element-02b408f\" data-id=\"02b408f\" data-element_type=\"column\" data-e-type=\"column\">\n\t\t\t<div class=\"elementor-widget-wrap elementor-element-populated\">\n\t\t\t\t\t\t<div class=\"elementor-element elementor-element-862066e elementor-widget elementor-widget-jkit_fun_fact\" data-id=\"862066e\" data-element_type=\"widget\" data-e-type=\"widget\" data-widget_type=\"jkit_fun_fact.default\">\n\t\t\t\t<div class=\"elementor-widget-container\">\n\t\t\t\t\t<div  class=\"jeg-elementor-kit jkit-fun-fact align-center hover-from-left elementor-animation- jeg_module__1_69eccd9196b4e\" ><div class=fun-fact-inner><div class=\"icon elementor-animation-\"><i aria-hidden=\"true\" class=\"jki jki-tripadvisor\"><\/i><\/div>\n            <div class=\"content\">\n                <div class=\"number-wrapper\"><span class=\"prefix\"><\/span>\n        <span class=\"number\" data-value=\"80\" data-animation-duration=\"3500\">0<\/span>\n        <span class=\"suffix\"><\/span><sup class=\"super\">+<\/sup><\/div>\n                <span class=\"title\">Tour Packages<\/span>\n            <\/div>\n        <\/div><\/div>\t\t\t\t<\/div>\n\t\t\t\t<\/div>\n\t\t\t\t\t<\/div>\n\t\t<\/div>\n\t\t\t\t<div class=\"elementor-column elementor-col-25 elementor-inner-column elementor-element elementor-element-784caff\" data-id=\"784caff\" data-element_type=\"column\" data-e-type=\"column\">\n\t\t\t<div class=\"elementor-widget-wrap elementor-element-populated\">\n\t\t\t\t\t\t<div class=\"elementor-element elementor-element-46d7ad7 elementor-widget elementor-widget-jkit_fun_fact\" data-id=\"46d7ad7\" data-element_type=\"widget\" data-e-type=\"widget\" data-widget_type=\"jkit_fun_fact.default\">\n\t\t\t\t<div class=\"elementor-widget-container\">\n\t\t\t\t\t<div  class=\"jeg-elementor-kit jkit-fun-fact align-center hover-from-left elementor-animation- jeg_module__2_69eccd9197606\" ><div class=fun-fact-inner><div class=\"icon elementor-animation-\"><i aria-hidden=\"true\" class=\"jki jki-badge\"><\/i><\/div>\n            <div class=\"content\">\n                <div class=\"number-wrapper\"><span class=\"prefix\"><\/span>\n        <span class=\"number\" data-value=\"20\" data-animation-duration=\"3500\">0<\/span>\n        <span class=\"suffix\"><\/span><sup class=\"super\">+<\/sup><\/div>\n                <span class=\"title\">Years of Experience<\/span>\n            <\/div>\n        <\/div><\/div>\t\t\t\t<\/div>\n\t\t\t\t<\/div>\n\t\t\t\t\t<\/div>\n\t\t<\/div>\n\t\t\t\t<div class=\"elementor-column elementor-col-25 elementor-inner-column elementor-element elementor-element-ffccc58\" data-id=\"ffccc58\" data-element_type=\"column\" data-e-type=\"column\">\n\t\t\t<div class=\"elementor-widget-wrap elementor-element-populated\">\n\t\t\t\t\t\t<div class=\"elementor-element elementor-element-7dc87f8 elementor-widget elementor-widget-jkit_fun_fact\" data-id=\"7dc87f8\" data-element_type=\"widget\" data-e-type=\"widget\" data-widget_type=\"jkit_fun_fact.default\">\n\t\t\t\t<div class=\"elementor-widget-container\">\n\t\t\t\t\t<div  class=\"jeg-elementor-kit jkit-fun-fact align-center hover-from-left elementor-animation- jeg_module__3_69eccd91985fa\" ><div class=fun-fact-inner><div class=\"icon elementor-animation-\"><i aria-hidden=\"true\" class=\"jki jki-man-light\"><\/i><\/div>\n            <div class=\"content\">\n                <div class=\"number-wrapper\"><span class=\"prefix\"><\/span>\n        <span class=\"number\" data-value=\"45\" data-animation-duration=\"3500\">0<\/span>\n        <span class=\"suffix\"><\/span><sup class=\"super\">+<\/sup><\/div>\n                <span class=\"title\">Professional Guide<\/span>\n            <\/div>\n        <\/div><\/div>\t\t\t\t<\/div>\n\t\t\t\t<\/div>\n\t\t\t\t\t<\/div>\n\t\t<\/div>\n\t\t\t\t\t<\/div>\n\t\t<\/section>\n\t\t\t\t\t<\/div>\n\t\t<\/div>\n\t\t\t\t\t<\/div>\n\t\t<\/section>\n\t\t<div class=\"elementor-element elementor-element-83187c9 e-flex e-con-boxed e-con e-parent\" data-id=\"83187c9\" data-element_type=\"container\" data-e-type=\"container\">\n\t\t\t\t\t<div class=\"e-con-inner\">\n\t\t\t\t\t<\/div>\n\t\t\t\t<\/div>\n\t\t\t\t<\/div>\n\t\t","protected":false},"excerpt":{"rendered":"<p>Pagamentos aceites \u00c9 necess\u00e1rio um dep\u00f3sito de 20% aquando da reserva da viagem; o saldo deve ser pago pelo menos 2 semanas antes da sua chegada a Marrocos ou no in\u00edcio da viagem. Pode enviar-nos uma transfer\u00eancia banc\u00e1ria para a nossa conta banc\u00e1ria em Marrocos ou nos Estados Unidos, Reino Unido, Austr\u00e1lia, Canad\u00e1, Europa, ou [&hellip;]<\/p>\n","protected":false},"author":1,"featured_media":5436,"parent":0,"menu_order":0,"comment_status":"closed","ping_status":"closed","template":"elementor_header_footer","meta":{"_joinchat":[],"footnotes":""},"class_list":["post-6595","page","type-page","status-publish","has-post-thumbnail","hentry"],"_links":{"self":[{"href":"https:\/\/moroccopackagesholidays.com\/pt-pt\/wp-json\/wp\/v2\/pages\/6595","targetHints":{"allow":["GET"]}}],"collection":[{"href":"https:\/\/moroccopackagesholidays.com\/pt-pt\/wp-json\/wp\/v2\/pages"}],"about":[{"href":"https:\/\/moroccopackagesholidays.com\/pt-pt\/wp-json\/wp\/v2\/types\/page"}],"author":[{"embeddable":true,"href":"https:\/\/moroccopackagesholidays.com\/pt-pt\/wp-json\/wp\/v2\/users\/1"}],"replies":[{"embeddable":true,"href":"https:\/\/moroccopackagesholidays.com\/pt-pt\/wp-json\/wp\/v2\/comments?post=6595"}],"version-history":[{"count":0,"href":"https:\/\/moroccopackagesholidays.com\/pt-pt\/wp-json\/wp\/v2\/pages\/6595\/revisions"}],"wp:featuredmedia":[{"embeddable":true,"href":"https:\/\/moroccopackagesholidays.com\/pt-pt\/wp-json\/wp\/v2\/media\/5436"}],"wp:attachment":[{"href":"https:\/\/moroccopackagesholidays.com\/pt-pt\/wp-json\/wp\/v2\/media?parent=6595"}],"curies":[{"name":"wp","href":"https:\/\/api.w.org\/{rel}","templated":true}]}}